{"id":3768,"date":"2018-02-10T13:35:32","date_gmt":"2018-02-10T13:35:32","guid":{"rendered":"http:\/\/localhost:8888\/amphi\/shop\/"},"modified":"2024-04-12T15:22:42","modified_gmt":"2024-04-12T15:22:42","slug":"shop","status":"publish","type":"page","link":"https:\/\/amphi.se\/en\/shop\/","title":{"rendered":"Shop"},"content":{"rendered":"<h1 style=\"text-align: center;\">Welcome to Amphi&#8217;s shop!<\/h1>\n<p>H\u00e4r hittar du utbildningsmaterial som kan st\u00f6dja verksamheter i f\u00f6r\u00e4ndringsarbete. I f\u00f6rsta hand material vi producerat sj\u00e4lva, men \u00e4ven annat som vi gillar.<\/p>\n<p>Har du fr\u00e5gor om hur du kan anv\u00e4nda materialen?<br \/>\nH\u00f6r g\u00e4rna av dig till <a href=\"mailto:info@amphi.se\">info@amphi.se<\/a><\/p>\n","protected":false},"excerpt":{"rendered":" [&hellip;]","protected":false},"author":14,"featured_media":3769,"parent":0,"menu_order":0,"comment_status":"closed","ping_status":"closed","template":"","meta":{"_acf_changed":false,"inline_featured_image":false,"footnotes":""},"class_list":["post-3768","page","type-page","status-publish","has-post-thumbnail","hentry"],"acf":[],"yoast_head":"<!-- This site is optimized with the Yoast SEO plugin v27.2 - https:\/\/yoast.com\/product\/yoast-seo-wordpress\/ -->\n<title>Shop - Amphi<\/title>\n<meta name=\"robots\" content=\"index, follow, max-snippet:-1, max-image-preview:large, max-video-preview:-1\" \/>\n<link rel=\"canonical\" href=\"https:\/\/amphi.se\/butik\/\" \/>\n<meta property=\"og:locale\" content=\"en_US\" \/>\n<meta property=\"og:type\" content=\"article\" \/>\n<meta property=\"og:title\" content=\"Shop - Amphi\" \/>\n<meta property=\"og:description\" content=\"[&hellip;]\" \/>\n<meta property=\"og:url\" content=\"https:\/\/amphi.se\/butik\/\" \/>\n<meta property=\"og:site_name\" content=\"Amphi\" \/>\n<meta property=\"article:modified_time\" content=\"2024-04-12T15:22:42+00:00\" \/>\n<meta property=\"og:image\" content=\"https:\/\/amphi.se\/wp-content\/uploads\/2022\/09\/Kurser-2-1200x738.png\" \/>\n\t<meta property=\"og:image:width\" content=\"1200\" \/>\n\t<meta property=\"og:image:height\" content=\"738\" \/>\n\t<meta property=\"og:image:type\" content=\"image\/png\" \/>\n<meta name=\"twitter:card\" content=\"summary_large_image\" \/>\n<meta name=\"twitter:label1\" content=\"Est. reading time\" \/>\n\t<meta name=\"twitter:data1\" content=\"1 minute\" \/>\n<script type=\"application\/ld+json\" class=\"yoast-schema-graph\">{\"@context\":\"https:\/\/schema.org\",\"@graph\":[{\"@type\":\"WebPage\",\"@id\":\"https:\/\/amphi.se\/butik\/\",\"url\":\"https:\/\/amphi.se\/butik\/\",\"name\":\"Shop - Amphi\",\"isPartOf\":{\"@id\":\"https:\/\/amphi.se\/#website\"},\"primaryImageOfPage\":{\"@id\":\"https:\/\/amphi.se\/butik\/#primaryimage\"},\"image\":{\"@id\":\"https:\/\/amphi.se\/butik\/#primaryimage\"},\"thumbnailUrl\":\"https:\/\/amphi.se\/wp-content\/uploads\/2022\/09\/Kurser-2.png\",\"datePublished\":\"2018-02-10T13:35:32+00:00\",\"dateModified\":\"2024-04-12T15:22:42+00:00\",\"breadcrumb\":{\"@id\":\"https:\/\/amphi.se\/butik\/#breadcrumb\"},\"inLanguage\":\"en-US\",\"potentialAction\":[{\"@type\":\"ReadAction\",\"target\":[\"https:\/\/amphi.se\/butik\/\"]}]},{\"@type\":\"ImageObject\",\"inLanguage\":\"en-US\",\"@id\":\"https:\/\/amphi.se\/butik\/#primaryimage\",\"url\":\"https:\/\/amphi.se\/wp-content\/uploads\/2022\/09\/Kurser-2.png\",\"contentUrl\":\"https:\/\/amphi.se\/wp-content\/uploads\/2022\/09\/Kurser-2.png\",\"width\":2400,\"height\":1475},{\"@type\":\"BreadcrumbList\",\"@id\":\"https:\/\/amphi.se\/butik\/#breadcrumb\",\"itemListElement\":[{\"@type\":\"ListItem\",\"position\":1,\"name\":\"Hem\",\"item\":\"https:\/\/amphi.se\/en\/\"},{\"@type\":\"ListItem\",\"position\":2,\"name\":\"Shop\"}]},{\"@type\":\"WebSite\",\"@id\":\"https:\/\/amphi.se\/#website\",\"url\":\"https:\/\/amphi.se\/\",\"name\":\"Amphi\",\"description\":\"We contribute to making organisations inclusive and non-discriminatory.\",\"publisher\":{\"@id\":\"https:\/\/amphi.se\/#organization\"},\"potentialAction\":[{\"@type\":\"SearchAction\",\"target\":{\"@type\":\"EntryPoint\",\"urlTemplate\":\"https:\/\/amphi.se\/?s={search_term_string}\"},\"query-input\":{\"@type\":\"PropertyValueSpecification\",\"valueRequired\":true,\"valueName\":\"search_term_string\"}}],\"inLanguage\":\"en-US\"},{\"@type\":\"Organization\",\"@id\":\"https:\/\/amphi.se\/#organization\",\"name\":\"Amphi\",\"url\":\"https:\/\/amphi.se\/\",\"logo\":{\"@type\":\"ImageObject\",\"inLanguage\":\"en-US\",\"@id\":\"https:\/\/amphi.se\/#\/schema\/logo\/image\/\",\"url\":\"https:\/\/amphi.se\/wp-content\/uploads\/2018\/02\/logo_amphi.png\",\"contentUrl\":\"https:\/\/amphi.se\/wp-content\/uploads\/2018\/02\/logo_amphi.png\",\"width\":1059,\"height\":334,\"caption\":\"Amphi\"},\"image\":{\"@id\":\"https:\/\/amphi.se\/#\/schema\/logo\/image\/\"}}]}<\/script>\n<!-- \/ Yoast SEO plugin. -->","yoast_head_json":{"title":"Shop - Amphi","robots":{"index":"index","follow":"follow","max-snippet":"max-snippet:-1","max-image-preview":"max-image-preview:large","max-video-preview":"max-video-preview:-1"},"canonical":"https:\/\/amphi.se\/butik\/","og_locale":"en_US","og_type":"article","og_title":"Shop - Amphi","og_description":"[&hellip;]","og_url":"https:\/\/amphi.se\/butik\/","og_site_name":"Amphi","article_modified_time":"2024-04-12T15:22:42+00:00","og_image":[{"width":1200,"height":738,"url":"https:\/\/amphi.se\/wp-content\/uploads\/2022\/09\/Kurser-2-1200x738.png","type":"image\/png"}],"twitter_card":"summary_large_image","twitter_misc":{"Est. reading time":"1 minute"},"schema":{"@context":"https:\/\/schema.org","@graph":[{"@type":"WebPage","@id":"https:\/\/amphi.se\/butik\/","url":"https:\/\/amphi.se\/butik\/","name":"Shop - Amphi","isPartOf":{"@id":"https:\/\/amphi.se\/#website"},"primaryImageOfPage":{"@id":"https:\/\/amphi.se\/butik\/#primaryimage"},"image":{"@id":"https:\/\/amphi.se\/butik\/#primaryimage"},"thumbnailUrl":"https:\/\/amphi.se\/wp-content\/uploads\/2022\/09\/Kurser-2.png","datePublished":"2018-02-10T13:35:32+00:00","dateModified":"2024-04-12T15:22:42+00:00","breadcrumb":{"@id":"https:\/\/amphi.se\/butik\/#breadcrumb"},"inLanguage":"en-US","potentialAction":[{"@type":"ReadAction","target":["https:\/\/amphi.se\/butik\/"]}]},{"@type":"ImageObject","inLanguage":"en-US","@id":"https:\/\/amphi.se\/butik\/#primaryimage","url":"https:\/\/amphi.se\/wp-content\/uploads\/2022\/09\/Kurser-2.png","contentUrl":"https:\/\/amphi.se\/wp-content\/uploads\/2022\/09\/Kurser-2.png","width":2400,"height":1475},{"@type":"BreadcrumbList","@id":"https:\/\/amphi.se\/butik\/#breadcrumb","itemListElement":[{"@type":"ListItem","position":1,"name":"Hem","item":"https:\/\/amphi.se\/en\/"},{"@type":"ListItem","position":2,"name":"Shop"}]},{"@type":"WebSite","@id":"https:\/\/amphi.se\/#website","url":"https:\/\/amphi.se\/","name":"Amphi","description":"We contribute to making organisations inclusive and non-discriminatory.","publisher":{"@id":"https:\/\/amphi.se\/#organization"},"potentialAction":[{"@type":"SearchAction","target":{"@type":"EntryPoint","urlTemplate":"https:\/\/amphi.se\/?s={search_term_string}"},"query-input":{"@type":"PropertyValueSpecification","valueRequired":true,"valueName":"search_term_string"}}],"inLanguage":"en-US"},{"@type":"Organization","@id":"https:\/\/amphi.se\/#organization","name":"Amphi","url":"https:\/\/amphi.se\/","logo":{"@type":"ImageObject","inLanguage":"en-US","@id":"https:\/\/amphi.se\/#\/schema\/logo\/image\/","url":"https:\/\/amphi.se\/wp-content\/uploads\/2018\/02\/logo_amphi.png","contentUrl":"https:\/\/amphi.se\/wp-content\/uploads\/2018\/02\/logo_amphi.png","width":1059,"height":334,"caption":"Amphi"},"image":{"@id":"https:\/\/amphi.se\/#\/schema\/logo\/image\/"}}]}},"_links":{"self":[{"href":"https:\/\/amphi.se\/en\/wp-json\/wp\/v2\/pages\/3768","targetHints":{"allow":["GET"]}}],"collection":[{"href":"https:\/\/amphi.se\/en\/wp-json\/wp\/v2\/pages"}],"about":[{"href":"https:\/\/amphi.se\/en\/wp-json\/wp\/v2\/types\/page"}],"author":[{"embeddable":true,"href":"https:\/\/amphi.se\/en\/wp-json\/wp\/v2\/users\/14"}],"replies":[{"embeddable":true,"href":"https:\/\/amphi.se\/en\/wp-json\/wp\/v2\/comments?post=3768"}],"version-history":[{"count":1,"href":"https:\/\/amphi.se\/en\/wp-json\/wp\/v2\/pages\/3768\/revisions"}],"predecessor-version":[{"id":4291,"href":"https:\/\/amphi.se\/en\/wp-json\/wp\/v2\/pages\/3768\/revisions\/4291"}],"wp:featuredmedia":[{"embeddable":true,"href":"https:\/\/amphi.se\/en\/wp-json\/wp\/v2\/media\/3769"}],"wp:attachment":[{"href":"https:\/\/amphi.se\/en\/wp-json\/wp\/v2\/media?parent=3768"}],"curies":[{"name":"wp","href":"https:\/\/api.w.org\/{rel}","templated":true}]}}